{"id":9765,"date":"2025-09-07T11:17:20","date_gmt":"2025-09-07T09:17:20","guid":{"rendered":"https:\/\/haydneum.com\/our-supporters-and-partners\/"},"modified":"2025-09-25T22:03:44","modified_gmt":"2025-09-25T20:03:44","slug":"our-supporters-and-partners","status":"publish","type":"page","link":"https:\/\/haydneum.com\/en\/our-supporters-and-partners\/","title":{"rendered":"Our Supporters and Partners"},"content":{"rendered":"\t\t<div data-elementor-type=\"wp-page\" data-elementor-id=\"9765\" class=\"elementor elementor-9765 elementor-7481\" data-elementor-post-type=\"page\">\n\t\t\t\t<div class=\"elementor-element elementor-element-1253ae4 e-flex e-con-boxed e-con e-parent\" data-id=\"1253ae4\" data-element_type=\"container\" data-settings=\"{&quot;background_background&quot;:&quot;classic&quot;}\">\n\t\t\t\t\t<div class=\"e-con-inner\">\n\t\t<div class=\"elementor-element elementor-element-a6d3d41 e-con-full e-flex e-con e-child\" data-id=\"a6d3d41\" data-element_type=\"container\" data-settings=\"{&quot;background_background&quot;:&quot;classic&quot;}\">\n\t\t<div class=\"elementor-element elementor-element-7b020fb e-con-full e-flex e-con e-child\" data-id=\"7b020fb\" data-element_type=\"container\">\n\t\t\t\t<div class=\"elementor-element elementor-element-3e861ba elementor-widget elementor-widget-heading\" data-id=\"3e861ba\" data-element_type=\"widget\" data-widget_type=\"heading.default\">\n\t\t\t\t\t<h1 class=\"elementor-heading-title elementor-size-default\">Our Supporters and Partners<\/h1>\t\t\t\t<\/div>\n\t\t\t\t<div class=\"elementor-element elementor-element-7eddc7d elementor-widget elementor-widget-text-editor\" data-id=\"7eddc7d\" data-element_type=\"widget\" data-widget_type=\"text-editor.default\">\n\t\t\t\t\t\t\t\t\t<p>The Prime Minister\u2019s Office and Bethlen G\u00e1bor Alapkezel\u0151 Zrt. support the operation of Haydneum.<\/p>\n\t\t\t\t\t\t\t\t<\/div>\n\t\t<div class=\"elementor-element elementor-element-16c6e31 e-con-full e-flex e-con e-child\" data-id=\"16c6e31\" data-element_type=\"container\">\n\t\t\t\t<div class=\"elementor-element elementor-element-b7e7a96 elementor-widget elementor-widget-image\" data-id=\"b7e7a96\" data-element_type=\"widget\" data-widget_type=\"image.default\">\n\t\t\t\t\t\t\t\t\t\t\t\t\t\t\t<img fetchpriority=\"high\" decoding=\"async\" width=\"841\" height=\"595\" src=\"https:\/\/haydneum.com\/wp-content\/uploads\/2025\/06\/ME_HUN_Hkek.svg\" class=\"attachment-full size-full wp-image-5855\" alt=\"\" \/>\t\t\t\t\t\t\t\t\t\t\t\t\t\t\t<\/div>\n\t\t\t\t<div class=\"elementor-element elementor-element-aa682f6 elementor-widget elementor-widget-image\" data-id=\"aa682f6\" data-element_type=\"widget\" data-widget_type=\"image.default\">\n\t\t\t\t\t\t\t\t\t\t\t\t\t\t\t<img decoding=\"async\" width=\"841\" height=\"595\" src=\"https:\/\/haydneum.com\/wp-content\/uploads\/2025\/06\/BGA_Hkek.svg\" class=\"attachment-full size-full wp-image-5853\" alt=\"\" \/>\t\t\t\t\t\t\t\t\t\t\t\t\t\t\t<\/div>\n\t\t\t\t<\/div>\n\t\t\t\t<div class=\"elementor-element elementor-element-afd5292 elementor-widget elementor-widget-heading\" data-id=\"afd5292\" data-element_type=\"widget\" data-widget_type=\"heading.default\">\n\t\t\t\t\t<h2 class=\"elementor-heading-title elementor-size-default\">Our Key Partners<\/h2>\t\t\t\t<\/div>\n\t\t<div class=\"elementor-element elementor-element-04ce92a e-con-full e-flex e-con e-child\" data-id=\"04ce92a\" data-element_type=\"container\">\n\t\t\t\t<div class=\"elementor-element elementor-element-82bdceb elementor-widget elementor-widget-text-editor\" data-id=\"82bdceb\" data-element_type=\"widget\" id=\"kiemelt-partnerek-link\" data-widget_type=\"text-editor.default\">\n\t\t\t\t\t\t\t\t\t<p><a href=\"https:\/\/oszk.hu\/\" target=\"_blank\" rel=\"noopener\">National Sz\u00e9ch\u00e9nyi Library<\/a><br \/><a href=\"https:\/\/filharmonia.hu\/\" target=\"_blank\" rel=\"noopener\">Filharmonia Hungary<\/a><br \/><a href=\"https:\/\/www.eszterhaza.hu\/\" target=\"_blank\" rel=\"noopener\">Eszterh\u00e1za K\u00f6zhaszn\u00fa Nonprofit Kft.<\/a><\/p>\n\t\t\t\t\t\t\t\t<\/div>\n\t\t\t\t<\/div>\n\t\t\t\t<\/div>\n\t\t<div class=\"elementor-element elementor-element-622b40c e-con-full e-flex e-con e-child\" data-id=\"622b40c\" data-element_type=\"container\">\n\t\t\t\t<div class=\"elementor-element elementor-element-4a9d84a elementor-widget elementor-widget-heading\" data-id=\"4a9d84a\" data-element_type=\"widget\" data-widget_type=\"heading.default\">\n\t\t\t\t\t<h2 class=\"elementor-heading-title elementor-size-default\">Our Partners<\/h2>\t\t\t\t<\/div>\n\t\t\t\t<div class=\"elementor-element elementor-element-d09ec2e elementor-widget elementor-widget-text-editor\" data-id=\"d09ec2e\" data-element_type=\"widget\" id=\"partnerek-link\" data-widget_type=\"text-editor.default\">\n\t\t\t\t\t\t\t\t\t<p><a href=\"https:\/\/www.bacskaimuvelodesikozpont.hu\/\" target=\"_blank\" rel=\"noopener\" data-fpl-component=\"primitive\">B\u00e1cska Cultural Center (Baja)<\/a><br \/><a href=\"https:\/\/barockvokalakademie.de\/\" target=\"_blank\" rel=\"noopener\" data-fpl-component=\"primitive\">Barock Vokal Akademie, Mainz<\/a><br \/>Baroque Orchestra Masterclass, Szeged<br \/><a href=\"https:\/\/bla.hu\/\" target=\"_blank\" rel=\"noopener\" data-fpl-component=\"primitive\">Batthy\u00e1ny Lajos Foundation<\/a><br \/><a href=\"https:\/\/www.bodajkikegyhely.hu\/\" target=\"_blank\" rel=\"noopener\" data-fpl-component=\"primitive\">Bodajk Pilgrimage Site of Our Lady of Help<\/a><br \/><a href=\"https:\/\/www.zti.hu\/hu\/\" target=\"_blank\" rel=\"noopener\" data-fpl-component=\"primitive\">Research Centre for the Humanities, Institute of Musicology<\/a> \u2028<br \/><a href=\"https:\/\/borzsonybarokk.hu\/\" target=\"_blank\" rel=\"noopener\" data-fpl-component=\"primitive\">B\u00f6rzs\u00f6ny Baroque Days<\/a><br \/><a href=\"https:\/\/www.budavaripalotanegyed.hu\/\" target=\"_blank\" rel=\"noopener\" data-fpl-component=\"primitive\">Buda Castle Quarter<\/a><br \/><a href=\"https:\/\/capellasavaria.hu\/\" target=\"_blank\" rel=\"noopener\" data-fpl-component=\"primitive\">Capella Savaria<\/a><br \/><a href=\"https:\/\/www.concertgebouw.nl\/\" target=\"_blank\" rel=\"noopener\" data-fpl-component=\"primitive\">Concertgebouw Amsterdam<\/a><br \/>Concerto Armonico Budapest\u2028<br \/><a href=\"https:\/\/concertobudapest.hu\/\" target=\"_blank\" rel=\"noopener\" data-fpl-component=\"primitive\">Concerto Budapest<\/a><br \/><a href=\"https:\/\/utazenehez.hu\/\" target=\"_blank\" rel=\"noopener\" data-fpl-component=\"primitive\">Danubia Orchestra<\/a><br \/><a href=\"https:\/\/desingel.be\/nl\" target=\"_blank\" rel=\"noopener\" data-fpl-component=\"primitive\">De Singel, Antwerpen<\/a><br \/><a href=\"https:\/\/www.festivalenescu.ro\/en\/\" target=\"_blank\" rel=\"noopener\" data-fpl-component=\"primitive\">George Enescu International Festival<\/a><br \/>Gy\u0151r Benedictine Theme Week<br \/><a href=\"https:\/\/gliangeligeneve.com\/concerts\/haydneum_budapest\" target=\"_blank\" rel=\"noopener\" data-fpl-component=\"primitive\">Haydn-Mozart Festival, Geneva<\/a><br \/><a href=\"https:\/\/musiikkitalo.fi\/\" target=\"_blank\" rel=\"noopener\" data-fpl-component=\"primitive\">Helsinki Musiikkitalo\u2028<\/a><br \/>Hildegard von Bingen Masterclass<br \/>Historical Flute Masterclass, Budapest<br \/><a href=\"https:\/\/karmelitakoncertek.hu\/\" target=\"_blank\" rel=\"noopener\" data-fpl-component=\"primitive\">Carmelite Concerts<\/a><br \/>Lajtha House, Bicske<br \/><a href=\"https:\/\/mta.hu\/\" target=\"_blank\" rel=\"noopener\" data-fpl-component=\"primitive\">Hungarian Academy of Sciences<\/a><br \/><a href=\"https:\/\/zenehaza.hu\/\" target=\"_blank\" rel=\"noopener\" data-fpl-component=\"primitive\">Hungarian House of Music<\/a><br \/><a href=\"http:\/\/mako.hu\/mako_varos_onkormanyzata\/\" target=\"_blank\" rel=\"noopener\" data-fpl-component=\"primitive\">Municipality of the City of Mak\u00f3<\/a><br \/><a href=\"https:\/\/mavzenekar.hu\/\" target=\"_blank\" rel=\"noopener\" data-fpl-component=\"primitive\">M\u00c1V Shymphony Orchestra<\/a><br \/><a href=\"https:\/\/www.facebook.com\/miszla.baroque\/?locale=hu_HU\" target=\"_blank\" rel=\"noopener\" data-fpl-component=\"primitive\">Miszla Baroque<\/a><br \/><a href=\"https:\/\/mupa.hu\/\" target=\"_blank\" rel=\"noopener\" data-fpl-component=\"primitive\">M\u00fcpa Budapest<\/a><br \/><a href=\"https:\/\/www.muveszetekvolgye.hu\/\" target=\"_blank\" rel=\"noopener\" data-fpl-component=\"primitive\">Valley of Arts, Kapolcs<\/a><br \/><a href=\"https:\/\/www.orfeo.hu\/\" target=\"_blank\" rel=\"noopener\" data-fpl-component=\"primitive\">Orfeo Music Foundation<\/a><br \/><a href=\"https:\/\/bru-zane.com\/en\/\" target=\"_blank\" rel=\"noopener\" data-fpl-component=\"primitive\">Palazzetto Bru Zane<\/a><br \/><a href=\"https:\/\/pannonhalmifoapatsag.hu\/\" target=\"_blank\" rel=\"noopener\" data-fpl-component=\"primitive\">Pannonhalma Benedictine Abbey<\/a><br \/><a href=\"https:\/\/www.rema-eemn.net\/\" target=\"_blank\" rel=\"noopener\" data-fpl-component=\"primitive\">REMA European Early Music Network<\/a><br \/><a href=\"https:\/\/sztif.hu\/\" target=\"_blank\" rel=\"noopener\" data-fpl-component=\"primitive\">Szent Istv\u00e1n Philharmonic Orchestra<\/a><br \/><a href=\"https:\/\/bakonybel-monostor.hu\/\" target=\"_blank\" rel=\"noopener\" data-fpl-component=\"primitive\">Saint Maurice Monastery, Bakonyb\u00e9l<\/a><br \/><a href=\"https:\/\/tihanyiapatsag.hu\/Tihanyi_Bences_Apatsag.html\" target=\"_blank\" rel=\"noopener\" data-fpl-component=\"primitive\">Tihany Benedictine Abbey<\/a><br \/><a href=\"https:\/\/cmbv.fr\/en\" target=\"_blank\" rel=\"noopener\" data-fpl-component=\"primitive\">Centre de Musique Baroque de Versailles<\/a><br \/><a href=\"http:\/\/vrn.hu\/#\/index\" target=\"_blank\" rel=\"noopener\" data-fpl-component=\"primitive\">Veszpr\u00e9m Early Music Days<\/a><br \/><a href=\"https:\/\/konzerthaus.at\/\" target=\"_blank\" rel=\"noopener\" data-fpl-component=\"primitive\">Wiener Konzerthaus<\/a><\/p>\n\t\t\t\t\t\t\t\t<\/div>\n\t\t\t\t<\/div>\n\t\t\t\t<\/div>\n\t\t\t\t\t<\/div>\n\t\t\t\t<\/div>\n\t\t\t\t<\/div>\n\t\t","protected":false},"excerpt":{"rendered":"<p>The Prime Minister\u2019s Office and Bethlen G\u00e1bor Alapkezel\u0151 Zrt. support the operation of Haydneum. Our Key Partners National Sz\u00e9ch\u00e9nyi LibraryFilharmonia HungaryEszterh\u00e1za K\u00f6zhaszn\u00fa Nonprofit Kft. Our Partners B\u00e1cska Cultural Center (Baja)Barock [&hellip;]<\/p>\n","protected":false},"author":1,"featured_media":0,"parent":0,"menu_order":0,"comment_status":"closed","ping_status":"closed","template":"","meta":{"_acf_changed":false,"inline_featured_image":false,"_price":"","_stock":"","_tribe_ticket_header":"","_tribe_default_ticket_provider":"","_tribe_ticket_capacity":"0","_ticket_start_date":"","_ticket_end_date":"","_tribe_ticket_show_description":"","_tribe_ticket_show_not_going":false,"_tribe_ticket_use_global_stock":"","_tribe_ticket_global_stock_level":"","_global_stock_mode":"","_global_stock_cap":"","_tribe_rsvp_for_event":"","_tribe_ticket_going_count":"","_tribe_ticket_not_going_count":"","_tribe_tickets_list":"[]","_tribe_ticket_has_attendee_info_fields":false,"footnotes":"","_tec_slr_enabled":"","_tec_slr_layout":""},"class_list":["post-9765","page","type-page","status-publish","hentry"],"acf":[],"ticketed":false,"_links":{"self":[{"href":"https:\/\/haydneum.com\/en\/wp-json\/wp\/v2\/pages\/9765","targetHints":{"allow":["GET"]}}],"collection":[{"href":"https:\/\/haydneum.com\/en\/wp-json\/wp\/v2\/pages"}],"about":[{"href":"https:\/\/haydneum.com\/en\/wp-json\/wp\/v2\/types\/page"}],"author":[{"embeddable":true,"href":"https:\/\/haydneum.com\/en\/wp-json\/wp\/v2\/users\/1"}],"replies":[{"embeddable":true,"href":"https:\/\/haydneum.com\/en\/wp-json\/wp\/v2\/comments?post=9765"}],"version-history":[{"count":1,"href":"https:\/\/haydneum.com\/en\/wp-json\/wp\/v2\/pages\/9765\/revisions"}],"predecessor-version":[{"id":9766,"href":"https:\/\/haydneum.com\/en\/wp-json\/wp\/v2\/pages\/9765\/revisions\/9766"}],"wp:attachment":[{"href":"https:\/\/haydneum.com\/en\/wp-json\/wp\/v2\/media?parent=9765"}],"curies":[{"name":"wp","href":"https:\/\/api.w.org\/{rel}","templated":true}]}}