{"id":9763,"date":"2025-07-30T16:45:47","date_gmt":"2025-07-30T14:45:47","guid":{"rendered":"https:\/\/haydneum.com\/organization\/"},"modified":"2026-03-30T15:39:36","modified_gmt":"2026-03-30T13:39:36","slug":"organization","status":"publish","type":"page","link":"https:\/\/haydneum.com\/en\/organization\/","title":{"rendered":"Organization"},"content":{"rendered":"\t\t<div data-elementor-type=\"wp-page\" data-elementor-id=\"9763\" class=\"elementor elementor-9763 elementor-2026\" data-elementor-post-type=\"page\">\n\t\t\t\t<div class=\"elementor-element elementor-element-588e6e1 e-flex e-con-boxed e-con e-parent\" data-id=\"588e6e1\" data-element_type=\"container\" data-settings=\"{&quot;background_background&quot;:&quot;classic&quot;}\">\n\t\t\t\t\t<div class=\"e-con-inner\">\n\t\t<div class=\"elementor-element elementor-element-2b26648 e-con-full e-flex e-con e-child\" data-id=\"2b26648\" data-element_type=\"container\" data-settings=\"{&quot;background_background&quot;:&quot;classic&quot;}\">\n\t\t\t\t<div class=\"elementor-element elementor-element-e8017db elementor-widget elementor-widget-heading\" data-id=\"e8017db\" data-element_type=\"widget\" data-widget_type=\"heading.default\">\n\t\t\t\t\t<h1 class=\"elementor-heading-title elementor-size-default\">Organization<\/h1>\t\t\t\t<\/div>\n\t\t\t\t<\/div>\n\t\t\t\t\t<\/div>\n\t\t\t\t<\/div>\n\t\t<div class=\"elementor-element elementor-element-1253ae4 e-flex e-con-boxed e-con e-parent\" data-id=\"1253ae4\" data-element_type=\"container\" data-settings=\"{&quot;background_background&quot;:&quot;classic&quot;}\">\n\t\t\t\t\t<div class=\"e-con-inner\">\n\t\t<div class=\"elementor-element elementor-element-a6d3d41 e-con-full e-flex e-con e-child\" data-id=\"a6d3d41\" data-element_type=\"container\" data-settings=\"{&quot;background_background&quot;:&quot;classic&quot;}\">\n\t\t<div class=\"elementor-element elementor-element-7b020fb e-con-full e-flex e-con e-child\" data-id=\"7b020fb\" data-element_type=\"container\">\n\t\t\t\t<div class=\"elementor-element elementor-element-3e861ba elementor-widget elementor-widget-heading\" data-id=\"3e861ba\" data-element_type=\"widget\" data-widget_type=\"heading.default\">\n\t\t\t\t\t<h2 class=\"elementor-heading-title elementor-size-default\">Patron<\/h2>\t\t\t\t<\/div>\n\t\t\t\t<div class=\"elementor-element elementor-element-7eddc7d elementor-widget elementor-widget-text-editor\" data-id=\"7eddc7d\" data-element_type=\"widget\" data-widget_type=\"text-editor.default\">\n\t\t\t\t\t\t\t\t\t<p>Prince Anton Esterh\u00e1zy II von Gal\u00e1ntha \u271d\ufe0e (1926-2025)<\/p>\n\t\t\t\t\t\t\t\t<\/div>\n\t\t\t\t<div class=\"elementor-element elementor-element-afd5292 elementor-widget elementor-widget-heading\" data-id=\"afd5292\" data-element_type=\"widget\" data-widget_type=\"heading.default\">\n\t\t\t\t\t<h2 class=\"elementor-heading-title elementor-size-default\">CEO<\/h2>\t\t\t\t<\/div>\n\t\t\t\t<div class=\"elementor-element elementor-element-a18ffe3 elementor-widget elementor-widget-text-editor\" data-id=\"a18ffe3\" data-element_type=\"widget\" data-widget_type=\"text-editor.default\">\n\t\t\t\t\t\t\t\t\t<p>Istv\u00e1n K\u00e1ptalan<\/p>\n\t\t\t\t\t\t\t\t<\/div>\n\t\t\t\t<div class=\"elementor-element elementor-element-cc7145f elementor-widget elementor-widget-heading\" data-id=\"cc7145f\" data-element_type=\"widget\" data-widget_type=\"heading.default\">\n\t\t\t\t\t<h2 class=\"elementor-heading-title elementor-size-default\">Artistic Director<\/h2>\t\t\t\t<\/div>\n\t\t\t\t<div class=\"elementor-element elementor-element-82bdceb elementor-widget elementor-widget-text-editor\" data-id=\"82bdceb\" data-element_type=\"widget\" data-widget_type=\"text-editor.default\">\n\t\t\t\t\t\t\t\t\t<p>Gy\u00f6rgy Vashegyi<\/p>\n\t\t\t\t\t\t\t\t<\/div>\n\t\t\t\t<div class=\"elementor-element elementor-element-de1b1c6 elementor-widget elementor-widget-heading\" data-id=\"de1b1c6\" data-element_type=\"widget\" data-widget_type=\"heading.default\">\n\t\t\t\t\t<h2 class=\"elementor-heading-title elementor-size-default\">Senior Operation Officer<\/h2>\t\t\t\t<\/div>\n\t\t\t\t<div class=\"elementor-element elementor-element-c4076a1 elementor-widget elementor-widget-text-editor\" data-id=\"c4076a1\" data-element_type=\"widget\" data-widget_type=\"text-editor.default\">\n\t\t\t\t\t\t\t\t\t<p>\u00c1gnes Baksay<\/p>\n\t\t\t\t\t\t\t\t<\/div>\n\t\t\t\t<div class=\"elementor-element elementor-element-43c033f elementor-widget elementor-widget-heading\" data-id=\"43c033f\" data-element_type=\"widget\" data-widget_type=\"heading.default\">\n\t\t\t\t\t<h2 class=\"elementor-heading-title elementor-size-default\">Board of Trustees<\/h2>\t\t\t\t<\/div>\n\t\t\t\t<div class=\"elementor-element elementor-element-2fbdfc9 elementor-widget elementor-widget-text-editor\" data-id=\"2fbdfc9\" data-element_type=\"widget\" data-widget_type=\"text-editor.default\">\n\t\t\t\t\t\t\t\t\t<p><strong>Istv\u00e1n K\u00e1ptalan<\/strong> President<br \/><strong>Em\u0151ke Dr. Solymosi-Tari<\/strong><br \/><strong>Katalin Dr. Veszely<\/strong><\/p>\n\t\t\t\t\t\t\t\t<\/div>\n\t\t\t\t<div class=\"elementor-element elementor-element-a471157 elementor-widget elementor-widget-heading\" data-id=\"a471157\" data-element_type=\"widget\" data-widget_type=\"heading.default\">\n\t\t\t\t\t<h2 class=\"elementor-heading-title elementor-size-default\">Scientific Committee<\/h2>\t\t\t\t<\/div>\n\t\t\t\t<div class=\"elementor-element elementor-element-9045c9c elementor-widget elementor-widget-text-editor\" data-id=\"9045c9c\" data-element_type=\"widget\" data-widget_type=\"text-editor.default\">\n\t\t\t\t\t\t\t\t\t<p><strong>Katalin Kim<\/strong><br \/><strong>Andr\u00e1s Koltai<\/strong><br \/><strong>Lajos Rov\u00e1tkay \u271d\ufe0e (1933-2026)<\/strong><\/p>\n\t\t\t\t\t\t\t\t<\/div>\n\t\t\t\t<div class=\"elementor-element elementor-element-47745f4 elementor-widget elementor-widget-heading\" data-id=\"47745f4\" data-element_type=\"widget\" data-widget_type=\"heading.default\">\n\t\t\t\t\t<h2 class=\"elementor-heading-title elementor-size-default\">Board of Supervisors<\/h2>\t\t\t\t<\/div>\n\t\t\t\t<div class=\"elementor-element elementor-element-2c69813 elementor-widget elementor-widget-text-editor\" data-id=\"2c69813\" data-element_type=\"widget\" data-widget_type=\"text-editor.default\">\n\t\t\t\t\t\t\t\t\t<p><strong>Gyula Hutiray<\/strong> President<br \/><strong>G\u00e1bor Dr. F. T\u00f3th\u2028<\/strong><br \/><strong>R\u00e9ka Dr. Kruchina<br \/>\n<\/strong><strong>P\u00e9ter Karab\u00e9lyos<\/strong> Secretary<\/p>\n\t\t\t\t\t\t\t\t<\/div>\n\t\t\t\t<div class=\"elementor-element elementor-element-9261fcf elementor-widget elementor-widget-heading\" data-id=\"9261fcf\" data-element_type=\"widget\" data-widget_type=\"heading.default\">\n\t\t\t\t\t<h2 class=\"elementor-heading-title elementor-size-default\">Honorary Board<\/h2>\t\t\t\t<\/div>\n\t\t\t\t<div class=\"elementor-element elementor-element-6bd1b20 elementor-widget elementor-widget-text-editor\" data-id=\"6bd1b20\" data-element_type=\"widget\" data-widget_type=\"text-editor.default\">\n\t\t\t\t\t\t\t\t\t<p><strong>Malcolm Bilson\u2028<\/strong><br \/><strong>Istv\u00e1n Kert\u00e9sz\u2028<\/strong><br \/><strong>Katalin Koml\u00f3s\u2028<\/strong><br \/><strong>Lajos Rov\u00e1tkay\u2028 \u271d\ufe0e (1933-2026)<\/strong><br \/><strong>L\u00e1szl\u00f3 Somfai \u271d\ufe0e (1934-2026)\u2028<\/strong><br \/><strong>M\u00e1ria Z\u00e1dori<\/strong><\/p>\n\t\t\t\t\t\t\t\t<\/div>\n\t\t\t\t<\/div>\n\t\t<div class=\"elementor-element elementor-element-622b40c e-con-full e-flex e-con e-child\" data-id=\"622b40c\" data-element_type=\"container\">\n\t\t\t\t<div class=\"elementor-element elementor-element-7bf274a elementor-widget elementor-widget-heading\" data-id=\"7bf274a\" data-element_type=\"widget\" data-widget_type=\"heading.default\">\n\t\t\t\t\t<h2 class=\"elementor-heading-title elementor-size-default\">Colleagues<\/h2>\t\t\t\t<\/div>\n\t\t\t\t<div class=\"elementor-element elementor-element-cf73a94 elementor-widget elementor-widget-text-editor\" data-id=\"cf73a94\" data-element_type=\"widget\" data-widget_type=\"text-editor.default\">\n\t\t\t\t\t\t\t\t\t<p><strong>Johanna Orb\u00e1n<\/strong> Artistic Secretary<br \/><strong>Kees Vlaardingerbroek<\/strong> Artistic Advisor<\/p>\n\t\t\t\t\t\t\t\t<\/div>\n\t\t\t\t<div class=\"elementor-element elementor-element-3c00c4e elementor-widget elementor-widget-heading\" data-id=\"3c00c4e\" data-element_type=\"widget\" data-widget_type=\"heading.default\">\n\t\t\t\t\t<h3 class=\"elementor-heading-title elementor-size-default\">Productions<\/h3>\t\t\t\t<\/div>\n\t\t\t\t<div class=\"elementor-element elementor-element-d09ec2e elementor-widget elementor-widget-text-editor\" data-id=\"d09ec2e\" data-element_type=\"widget\" data-widget_type=\"text-editor.default\">\n\t\t\t\t\t\t\t\t\t<p><strong>Eszter Bauer<\/strong> Organiser<br \/><strong>J\u00falia Kiss<\/strong> Organiser<br \/><strong>Zsuzsanna Szab\u00f3<\/strong> Organiser<\/p>\n\t\t\t\t\t\t\t\t<\/div>\n\t\t\t\t<div class=\"elementor-element elementor-element-8fb020d elementor-widget elementor-widget-heading\" data-id=\"8fb020d\" data-element_type=\"widget\" data-widget_type=\"heading.default\">\n\t\t\t\t\t<h3 class=\"elementor-heading-title elementor-size-default\">Research<\/h3>\t\t\t\t<\/div>\n\t\t\t\t<div class=\"elementor-element elementor-element-7e5c2db elementor-widget elementor-widget-text-editor\" data-id=\"7e5c2db\" data-element_type=\"widget\" data-widget_type=\"text-editor.default\">\n\t\t\t\t\t\t\t\t\t<p><strong>M\u00e1rton Egri\u2028<\/strong><br \/><strong>\u00c1gnes Pint\u00e9r<\/strong><\/p>\n\t\t\t\t\t\t\t\t<\/div>\n\t\t\t\t<div class=\"elementor-element elementor-element-20a56ed elementor-widget elementor-widget-heading\" data-id=\"20a56ed\" data-element_type=\"widget\" data-widget_type=\"heading.default\">\n\t\t\t\t\t<h3 class=\"elementor-heading-title elementor-size-default\">Publications<\/h3>\t\t\t\t<\/div>\n\t\t\t\t<div class=\"elementor-element elementor-element-f72688e elementor-widget elementor-widget-text-editor\" data-id=\"f72688e\" data-element_type=\"widget\" data-widget_type=\"text-editor.default\">\n\t\t\t\t\t\t\t\t\t<p><strong>Orsolya Szemke\u0151-Martin<\/strong><\/p>\n\t\t\t\t\t\t\t\t<\/div>\n\t\t\t\t<div class=\"elementor-element elementor-element-7b241c8 elementor-widget elementor-widget-heading\" data-id=\"7b241c8\" data-element_type=\"widget\" data-widget_type=\"heading.default\">\n\t\t\t\t\t<h3 class=\"elementor-heading-title elementor-size-default\">Score Library<\/h3>\t\t\t\t<\/div>\n\t\t\t\t<div class=\"elementor-element elementor-element-a60afa6 elementor-widget elementor-widget-text-editor\" data-id=\"a60afa6\" data-element_type=\"widget\" data-widget_type=\"text-editor.default\">\n\t\t\t\t\t\t\t\t\t<p><strong>Barbara Sz\u00e9k\u00e1cs\u2028<\/strong><\/p>\n\t\t\t\t\t\t\t\t<\/div>\n\t\t\t\t<div class=\"elementor-element elementor-element-8523946 elementor-widget elementor-widget-heading\" data-id=\"8523946\" data-element_type=\"widget\" data-widget_type=\"heading.default\">\n\t\t\t\t\t<h3 class=\"elementor-heading-title elementor-size-default\">Instruments<\/h3>\t\t\t\t<\/div>\n\t\t\t\t<div class=\"elementor-element elementor-element-115a62f elementor-widget elementor-widget-text-editor\" data-id=\"115a62f\" data-element_type=\"widget\" data-widget_type=\"text-editor.default\">\n\t\t\t\t\t\t\t\t\t<p><strong>M\u00e1rton Egri<\/strong><\/p>\n\t\t\t\t\t\t\t\t<\/div>\n\t\t\t\t<div class=\"elementor-element elementor-element-3808958 elementor-widget elementor-widget-heading\" data-id=\"3808958\" data-element_type=\"widget\" data-widget_type=\"heading.default\">\n\t\t\t\t\t<h3 class=\"elementor-heading-title elementor-size-default\">Media, Audio, and Visual Recordings<\/h3>\t\t\t\t<\/div>\n\t\t\t\t<div class=\"elementor-element elementor-element-a54f815 elementor-widget elementor-widget-text-editor\" data-id=\"a54f815\" data-element_type=\"widget\" data-widget_type=\"text-editor.default\">\n\t\t\t\t\t\t\t\t\t<p><strong>Katinka B\u00edr\u00f3<\/strong><\/p>\n\t\t\t\t\t\t\t\t<\/div>\n\t\t\t\t<div class=\"elementor-element elementor-element-4eea1e7 elementor-widget elementor-widget-heading\" data-id=\"4eea1e7\" data-element_type=\"widget\" data-widget_type=\"heading.default\">\n\t\t\t\t\t<h3 class=\"elementor-heading-title elementor-size-default\">Communications and Public Relations<\/h3>\t\t\t\t<\/div>\n\t\t\t\t<div class=\"elementor-element elementor-element-c369f07 elementor-widget elementor-widget-text-editor\" data-id=\"c369f07\" data-element_type=\"widget\" data-widget_type=\"text-editor.default\">\n\t\t\t\t\t\t\t\t\t<p><strong>Ildik\u00f3 \u00c1cs<\/strong> Communications<br \/><strong>N\u00f3ra Bozsogi<\/strong> Audience Relations and Film Production<br \/><strong>G\u00e1bor Egri<\/strong> Marketing Consultant<br \/><strong>Gabriella Kiss <\/strong>PR and Press Relations<br \/><strong>D\u00f3ra Milib\u00e1k<\/strong> Marketing<br \/><strong>Ulrike Wilckens<\/strong>, <strong>Ophelias Culture PR<\/strong> International Press Relations<\/p>\n\t\t\t\t\t\t\t\t<\/div>\n\t\t\t\t<div class=\"elementor-element elementor-element-73fc0aa elementor-widget elementor-widget-heading\" data-id=\"73fc0aa\" data-element_type=\"widget\" data-widget_type=\"heading.default\">\n\t\t\t\t\t<h3 class=\"elementor-heading-title elementor-size-default\">Law &amp; Compliance<\/h3>\t\t\t\t<\/div>\n\t\t\t\t<div class=\"elementor-element elementor-element-a447e35 elementor-widget elementor-widget-text-editor\" data-id=\"a447e35\" data-element_type=\"widget\" data-widget_type=\"text-editor.default\">\n\t\t\t\t\t\t\t\t\t<p><strong>Angelika F\u00fcrstenceller<\/strong><\/p>\n\t\t\t\t\t\t\t\t<\/div>\n\t\t\t\t<div class=\"elementor-element elementor-element-902b058 elementor-widget elementor-widget-heading\" data-id=\"902b058\" data-element_type=\"widget\" data-widget_type=\"heading.default\">\n\t\t\t\t\t<h3 class=\"elementor-heading-title elementor-size-default\">Finance<\/h3>\t\t\t\t<\/div>\n\t\t\t\t<div class=\"elementor-element elementor-element-96bef50 elementor-widget elementor-widget-text-editor\" data-id=\"96bef50\" data-element_type=\"widget\" data-widget_type=\"text-editor.default\">\n\t\t\t\t\t\t\t\t\t<p><strong>\u00c1kos Schmidt<\/strong> Finance<br \/><strong>Anna Krisztina Sz\u00e9kely<\/strong> Finance and Procurement<\/p>\n\t\t\t\t\t\t\t\t<\/div>\n\t\t\t\t<\/div>\n\t\t\t\t<\/div>\n\t\t\t\t\t<\/div>\n\t\t\t\t<\/div>\n\t\t<div class=\"elementor-element elementor-element-2166ed7b e-flex e-con-boxed e-con e-parent\" data-id=\"2166ed7b\" data-element_type=\"container\">\n\t\t\t\t\t<div class=\"e-con-inner\">\n\t\t<div class=\"elementor-element elementor-element-3b88143b e-con-full e-flex e-con e-child\" data-id=\"3b88143b\" data-element_type=\"container\" data-settings=\"{&quot;background_background&quot;:&quot;classic&quot;}\">\n\t\t<div class=\"elementor-element elementor-element-127bce4 e-con-full e-flex e-con e-child\" data-id=\"127bce4\" data-element_type=\"container\">\n\t\t\t\t<div class=\"elementor-element elementor-element-2cf35b6f elementor-widget elementor-widget-heading\" data-id=\"2cf35b6f\" data-element_type=\"widget\" data-widget_type=\"heading.default\">\n\t\t\t\t\t<h2 class=\"elementor-heading-title elementor-size-default\">Newsletter sign up<\/h2>\t\t\t\t<\/div>\n\t\t\t\t<div class=\"elementor-element elementor-element-14bb0e6 elementor-widget elementor-widget-text-editor\" data-id=\"14bb0e6\" data-element_type=\"widget\" data-widget_type=\"text-editor.default\">\n\t\t\t\t\t\t\t\t\t<p>Stay informed about news and promotions.<\/p>\n\t\t\t\t\t\t\t\t<\/div>\n\t\t\t\t<div class=\"elementor-element elementor-element-41cf593b elementor-align-center elementor-widget elementor-widget-button\" data-id=\"41cf593b\" data-element_type=\"widget\" data-widget_type=\"button.default\">\n\t\t\t\t\t\t\t\t\t\t<a class=\"elementor-button elementor-button-link elementor-size-sm\" href=\"#elementor-action%3Aaction%3Dpopup%3Aopen%26settings%3DeyJpZCI6NjcwOSwidG9nZ2xlIjpmYWxzZX0%3D\">\n\t\t\t\t\t\t<span class=\"elementor-button-content-wrapper\">\n\t\t\t\t\t\t\t\t\t<span class=\"elementor-button-text\">Sign up!  \u279f<\/span>\n\t\t\t\t\t<\/span>\n\t\t\t\t\t<\/a>\n\t\t\t\t\t\t\t\t<\/div>\n\t\t\t\t<\/div>\n\t\t\t\t<\/div>\n\t\t\t\t\t<\/div>\n\t\t\t\t<\/div>\n\t\t\t\t<\/div>\n\t\t","protected":false},"excerpt":{"rendered":"<p>Patron Prince Anton Esterh\u00e1zy II von Gal\u00e1ntha \u271d\ufe0e (1926-2025) CEO Istv\u00e1n K\u00e1ptalan Artistic Director Gy\u00f6rgy Vashegyi Senior Operation Officer \u00c1gnes Baksay Board of Trustees Istv\u00e1n K\u00e1ptalan PresidentEm\u0151ke Dr. Solymosi-TariKatalin Dr. [&hellip;]<\/p>\n","protected":false},"author":1,"featured_media":0,"parent":0,"menu_order":0,"comment_status":"closed","ping_status":"closed","template":"","meta":{"_acf_changed":false,"inline_featured_image":false,"_price":"","_stock":"","_tribe_ticket_header":"","_tribe_default_ticket_provider":"","_tribe_ticket_capacity":"0","_ticket_start_date":"","_ticket_end_date":"","_tribe_ticket_show_description":"","_tribe_ticket_show_not_going":false,"_tribe_ticket_use_global_stock":"","_tribe_ticket_global_stock_level":"","_global_stock_mode":"","_global_stock_cap":"","_tribe_rsvp_for_event":"","_tribe_ticket_going_count":"","_tribe_ticket_not_going_count":"","_tribe_tickets_list":"[]","_tribe_ticket_has_attendee_info_fields":false,"footnotes":"","_tec_slr_enabled":"","_tec_slr_layout":""},"class_list":["post-9763","page","type-page","status-publish","hentry"],"acf":[],"ticketed":false,"_links":{"self":[{"href":"https:\/\/haydneum.com\/en\/wp-json\/wp\/v2\/pages\/9763","targetHints":{"allow":["GET"]}}],"collection":[{"href":"https:\/\/haydneum.com\/en\/wp-json\/wp\/v2\/pages"}],"about":[{"href":"https:\/\/haydneum.com\/en\/wp-json\/wp\/v2\/types\/page"}],"author":[{"embeddable":true,"href":"https:\/\/haydneum.com\/en\/wp-json\/wp\/v2\/users\/1"}],"replies":[{"embeddable":true,"href":"https:\/\/haydneum.com\/en\/wp-json\/wp\/v2\/comments?post=9763"}],"version-history":[{"count":6,"href":"https:\/\/haydneum.com\/en\/wp-json\/wp\/v2\/pages\/9763\/revisions"}],"predecessor-version":[{"id":11643,"href":"https:\/\/haydneum.com\/en\/wp-json\/wp\/v2\/pages\/9763\/revisions\/11643"}],"wp:attachment":[{"href":"https:\/\/haydneum.com\/en\/wp-json\/wp\/v2\/media?parent=9763"}],"curies":[{"name":"wp","href":"https:\/\/api.w.org\/{rel}","templated":true}]}}