{"id":9676,"date":"2025-07-01T14:15:04","date_gmt":"2025-07-01T12:15:04","guid":{"rendered":"https:\/\/haydneum.com\/about\/history-and-mission\/"},"modified":"2025-10-02T15:31:48","modified_gmt":"2025-10-02T13:31:48","slug":"history-and-mission","status":"publish","type":"page","link":"https:\/\/haydneum.com\/en\/about\/history-and-mission\/","title":{"rendered":"History and Mission"},"content":{"rendered":"\t\t<div data-elementor-type=\"wp-page\" data-elementor-id=\"9676\" class=\"elementor elementor-9676 elementor-744\" data-elementor-post-type=\"page\">\n\t\t\t\t<div class=\"elementor-element elementor-element-48b76ea e-flex e-con-boxed e-con e-parent\" data-id=\"48b76ea\" data-element_type=\"container\">\n\t\t\t\t\t<div class=\"e-con-inner\">\n\t\t<div class=\"elementor-element elementor-element-170ed8d e-con-full e-flex e-con e-child\" data-id=\"170ed8d\" data-element_type=\"container\" data-settings=\"{&quot;background_background&quot;:&quot;classic&quot;}\">\n\t\t\t\t<div class=\"elementor-element elementor-element-6ddb496 elementor-widget elementor-widget-heading\" data-id=\"6ddb496\" data-element_type=\"widget\" data-widget_type=\"heading.default\">\n\t\t\t\t\t<h1 class=\"elementor-heading-title elementor-size-default\">History and Mission<\/h1>\t\t\t\t<\/div>\n\t\t\t\t<div class=\"elementor-element elementor-element-278bae3 elementor-hidden-desktop elementor-hidden-tablet elementor-hidden-mobile elementor-widget elementor-widget-text-editor\" data-id=\"278bae3\" data-element_type=\"widget\" data-widget_type=\"text-editor.default\">\n\t\t\t\t\t\t\t\t\t<p>Lorem ipsum dolor sit amet consectetur adipiscing elitsed<\/p>\n\t\t\t\t\t\t\t\t<\/div>\n\t\t\t\t<\/div>\n\t\t\t\t\t<\/div>\n\t\t\t\t<\/div>\n\t\t<div class=\"elementor-element elementor-element-588e6e1 e-flex e-con-boxed e-con e-parent\" data-id=\"588e6e1\" data-element_type=\"container\" data-settings=\"{&quot;background_background&quot;:&quot;classic&quot;}\">\n\t\t\t\t\t<div class=\"e-con-inner\">\n\t\t<div class=\"elementor-element elementor-element-2b26648 e-con-full e-flex e-con e-child\" data-id=\"2b26648\" data-element_type=\"container\" data-settings=\"{&quot;background_background&quot;:&quot;classic&quot;}\">\n\t\t\t\t<div class=\"elementor-element elementor-element-0a86c54 elementor-hidden-desktop elementor-hidden-tablet elementor-hidden-mobile elementor-widget elementor-widget-heading\" data-id=\"0a86c54\" data-element_type=\"widget\" data-widget_type=\"heading.default\">\n\t\t\t\t\t<h1 class=\"elementor-heading-title elementor-size-default\">History and Mission<\/h1>\t\t\t\t<\/div>\n\t\t\t\t<div class=\"elementor-element elementor-element-e85ba7b elementor-widget elementor-widget-text-editor\" data-id=\"e85ba7b\" data-element_type=\"widget\" data-widget_type=\"text-editor.default\">\n\t\t\t\t\t\t\t\t\t<p>Haydneum aims to support the values of early music in Hungary and to promote the Hungarian-related Baroque, Viennese Classical, and early Romantic repertoire (1630\u20131830).<\/p>\n\t\t\t\t\t\t\t\t<\/div>\n\t\t\t\t<div class=\"elementor-element elementor-element-d48cf39 elementor-widget elementor-widget-text-editor\" data-id=\"d48cf39\" data-element_type=\"widget\" data-widget_type=\"text-editor.default\">\n\t\t\t\t\t\t\t\t\t<p>The foundation, established by the Hungarian state in 2021, aims to support and promote the practice of early music in Hungary\u2014building on the international Baroque revival efforts of the past fifty years\u2014through research, music publishing, training, concerts, and performances. Its activities focus on the rediscovery, preservation, and dissemination of the Hungarian-related Baroque, Viennese Classical, and early Romantic repertoire (1630\u20131830). Our goal is that annually organized festivals, featuring outstanding performers and the unique repertoire they present, illuminate concert venues in Budapest, Eszterh\u00e1za, other locations across Hungary, and international stages alike.<\/p>\n\t\t\t\t\t\t\t\t<\/div>\n\t\t\t\t<\/div>\n\t\t\t\t\t<\/div>\n\t\t\t\t<\/div>\n\t\t<div class=\"elementor-element elementor-element-f68d6a6 e-flex e-con-boxed e-con e-parent\" data-id=\"f68d6a6\" data-element_type=\"container\" data-settings=\"{&quot;background_background&quot;:&quot;classic&quot;}\">\n\t\t\t\t\t<div class=\"e-con-inner\">\n\t\t<div class=\"elementor-element elementor-element-569b249 e-con-full e-flex e-con e-child\" data-id=\"569b249\" data-element_type=\"container\">\n\t\t<div class=\"elementor-element elementor-element-4634196 e-con-full e-flex e-con e-child\" data-id=\"4634196\" data-element_type=\"container\">\n\t\t\t\t<div class=\"elementor-element elementor-element-3a15c5d elementor-widget elementor-widget-image\" data-id=\"3a15c5d\" data-element_type=\"widget\" data-widget_type=\"image.default\">\n\t\t\t\t\t\t\t\t\t\t\t\t\t\t\t<img fetchpriority=\"high\" decoding=\"async\" width=\"493\" height=\"598\" src=\"https:\/\/haydneum.com\/wp-content\/uploads\/2025\/07\/Haydneum-5_Conforto_Aria_Offertorium_Istvanffy.jpg\" class=\"attachment-full size-full wp-image-4781\" alt=\"Haydneum - T\u00f6rt\u00e9net, k\u00fcldet\u00e9s 5 Conforto Aria Offertorium Istvanffy kotta k\u00e9pe\" srcset=\"https:\/\/haydneum.com\/wp-content\/uploads\/2025\/07\/Haydneum-5_Conforto_Aria_Offertorium_Istvanffy.jpg 493w, https:\/\/haydneum.com\/wp-content\/uploads\/2025\/07\/Haydneum-5_Conforto_Aria_Offertorium_Istvanffy-247x300.jpg 247w\" sizes=\"(max-width: 493px) 100vw, 493px\" \/>\t\t\t\t\t\t\t\t\t\t\t\t\t\t\t<\/div>\n\t\t\t\t<\/div>\n\t\t<div class=\"elementor-element elementor-element-5f591a6 e-con-full e-flex e-con e-child\" data-id=\"5f591a6\" data-element_type=\"container\" data-settings=\"{&quot;background_background&quot;:&quot;classic&quot;}\">\n\t\t\t\t<div class=\"elementor-element elementor-element-3da7d4e elementor-widget elementor-widget-heading\" data-id=\"3da7d4e\" data-element_type=\"widget\" data-widget_type=\"heading.default\">\n\t\t\t\t\t<h2 class=\"elementor-heading-title elementor-size-default\">Haydneum Repertoire<\/h2>\t\t\t\t<\/div>\n\t\t\t\t<div class=\"elementor-element elementor-element-6298c8a elementor-widget elementor-widget-text-editor\" data-id=\"6298c8a\" data-element_type=\"widget\" data-widget_type=\"text-editor.default\">\n\t\t\t\t\t\t\t\t\t<p>Haydneum\u2019s musical repertoire unites two aspects of the Hungarian-related Baroque, Viennese Classical, and early Romantic musical heritage: works composed in Hungary at the time (some by Hungarian-born composers), and the rich collections of 17th-, 18th-, and 19th-century music originating from other countries but preserved in the libraries and archives of Hungary.<\/p>\n\t\t\t\t\t\t\t\t<\/div>\n\t\t\t\t<div class=\"elementor-element elementor-element-e470537 elementor-widget elementor-widget-text-editor\" data-id=\"e470537\" data-element_type=\"widget\" data-widget_type=\"text-editor.default\">\n\t\t\t\t\t\t\t\t\t<p>Our primary mission is to catalog, study, publish, and perform works by composers active in Hungary during the period. This work focuses on both well-known composers (such as Joseph and Michael Haydn, Johann Nepomuk Hummel) and lesser-known figures (including Gregor Joseph Werner, Johann Georg Albrechtsberger, Istv\u00e1nffy Benedek, Fr\u00e9d\u00e9ric Kalkbrenner, Johann Sigismund Kusser, Georg Christoph Strattner, Anton Zimmermann, and Franz Wenzel Zivilhofer). In addition, Haydneum places special emphasis on introducing collections of Italian, German, French, and English scores preserved in Hungarian libraries and archives; these manuscripts also testify to the international interactions of artists and compositions in the 17th, 18th, and 19th centuries.<\/p>\n\t\t\t\t\t\t\t\t<\/div>\n\t\t\t\t<\/div>\n\t\t\t\t<\/div>\n\t\t\t\t\t<\/div>\n\t\t\t\t<\/div>\n\t\t<div class=\"elementor-element elementor-element-e3db888 e-flex e-con-boxed e-con e-parent\" data-id=\"e3db888\" data-element_type=\"container\" data-settings=\"{&quot;background_background&quot;:&quot;classic&quot;}\">\n\t\t\t\t\t<div class=\"e-con-inner\">\n\t\t<div class=\"elementor-element elementor-element-0ad616b e-con-full e-flex e-con e-child\" data-id=\"0ad616b\" data-element_type=\"container\" data-settings=\"{&quot;background_background&quot;:&quot;classic&quot;}\">\n\t\t\t\t<\/div>\n\t\t\t\t\t<\/div>\n\t\t\t\t<\/div>\n\t\t<div class=\"elementor-element elementor-element-92ec8cf e-flex e-con-boxed e-con e-parent\" data-id=\"92ec8cf\" data-element_type=\"container\" data-settings=\"{&quot;background_background&quot;:&quot;classic&quot;}\">\n\t\t\t\t\t<div class=\"e-con-inner\">\n\t\t<div class=\"elementor-element elementor-element-6b40361 e-con-full e-flex e-con e-child\" data-id=\"6b40361\" data-element_type=\"container\" data-settings=\"{&quot;background_background&quot;:&quot;classic&quot;}\">\n\t\t\t\t<div class=\"elementor-element elementor-element-2df733a elementor-widget elementor-widget-heading\" data-id=\"2df733a\" data-element_type=\"widget\" data-widget_type=\"heading.default\">\n\t\t\t\t\t<h2 class=\"elementor-heading-title elementor-size-default\">Eszterh\u00e1za and Haydn<\/h2>\t\t\t\t<\/div>\n\t\t\t\t<div class=\"elementor-element elementor-element-78cbea7 elementor-widget elementor-widget-text-editor\" data-id=\"78cbea7\" data-element_type=\"widget\" data-widget_type=\"text-editor.default\">\n\t\t\t\t\t\t\t\t\t<p>The Esterh\u00e1zy Palace in Fert\u0151d-Eszterh\u00e1za, Hungary, is the only site in present-day Hungary that stands out in red on the music history map of 18th-century Europe. Joseph Haydn spent roughly half of his active composing career here, from 1766 to 1790: during this period, he spent most of each year in the service of Prince Nikolaus Esterh\u00e1zy (The Magnificent).<\/p>\n\t\t\t\t\t\t\t\t<\/div>\n\t\t\t\t<div class=\"elementor-element elementor-element-549ea20 elementor-widget elementor-widget-text-editor\" data-id=\"549ea20\" data-element_type=\"widget\" data-widget_type=\"text-editor.default\">\n\t\t\t\t\t\t\t\t\t<p>Without the unparalleled patronage of Prince Nikolaus Esterh\u00e1zy (The Magnificent), his deep interest in music, and his expertise, European music history would look very different today. Haydn might have become a genius elsewhere, but here in Hungary, he was able to develop his art in a truly unique and supportive environment\u2014secluded from the wider world, yet encouraging experimentation. In this way, Eszterh\u00e1za became one of the centers of high culture of the era, whose brilliance illuminated all of Europe.<\/p>\n\t\t\t\t\t\t\t\t<\/div>\n\t\t\t\t<\/div>\n\t\t\t\t\t<\/div>\n\t\t\t\t<\/div>\n\t\t<div class=\"elementor-element elementor-element-49e9a4f e-flex e-con-boxed e-con e-parent\" data-id=\"49e9a4f\" data-element_type=\"container\">\n\t\t\t\t\t<div class=\"e-con-inner\">\n\t\t<div class=\"elementor-element elementor-element-f4c7088 e-con-full e-flex e-con e-child\" data-id=\"f4c7088\" data-element_type=\"container\">\n\t\t<div class=\"elementor-element elementor-element-9800744 e-con-full e-flex e-con e-child\" data-id=\"9800744\" data-element_type=\"container\">\n\t\t\t\t<div class=\"elementor-element elementor-element-b58a7db elementor-widget elementor-widget-image\" data-id=\"b58a7db\" data-element_type=\"widget\" data-widget_type=\"image.default\">\n\t\t\t\t\t\t\t\t\t\t\t\t\t\t\t<img decoding=\"async\" width=\"2520\" height=\"1680\" src=\"https:\/\/haydneum.com\/wp-content\/uploads\/2025\/08\/Haydneum_Haydn_Eszterhaza_c_Markos_Tamas-e1756643109498.jpg\" class=\"attachment-full size-full wp-image-6269\" alt=\"\" \/>\t\t\t\t\t\t\t\t\t\t\t\t\t\t\t<\/div>\n\t\t\t\t<\/div>\n\t\t<div class=\"elementor-element elementor-element-b82be52 e-con-full e-flex e-con e-child\" data-id=\"b82be52\" data-element_type=\"container\" data-settings=\"{&quot;background_background&quot;:&quot;classic&quot;}\">\n\t\t\t\t<div class=\"elementor-element elementor-element-0a47360 elementor-widget elementor-widget-heading\" data-id=\"0a47360\" data-element_type=\"widget\" data-widget_type=\"heading.default\">\n\t\t\t\t\t<h2 class=\"elementor-heading-title elementor-size-default\">Haydn's Work<\/h2>\t\t\t\t<\/div>\n\t\t\t\t<div class=\"elementor-element elementor-element-f86d3a9 elementor-widget elementor-widget-text-editor\" data-id=\"f86d3a9\" data-element_type=\"widget\" data-widget_type=\"text-editor.default\">\n\t\t\t\t\t\t\t\t\t<p>Joseph Haydn, one of the most important figures in European music history, spent decades in the second half of the 18th century working in Hungary at the court of the Esterh\u00e1zy princes. During this period, Haydn\u2019s name and presence shaped the Hungarian musical scene, which is why he was chosen as the namesake of the Haydneum.<\/p>\n\t\t\t\t\t\t\t\t<\/div>\n\t\t\t\t<div class=\"elementor-element elementor-element-e8ad663 elementor-widget elementor-widget-text-editor\" data-id=\"e8ad663\" data-element_type=\"widget\" data-widget_type=\"text-editor.default\">\n\t\t\t\t\t\t\t\t\t<p>Viewed as the creator of a style and genres that inspired all of Europe\u2014celebrated in capitals from London to Berlin, Paris to Vienna\u2014Joseph Haydn can also be regarded as the most international composer of his era. Although his achievements often overshadowed the fame of many of his predecessors and contemporaries, he owed much to them as well. In seeking to correct these historical imbalances, the Haydneum aims to present Haydn and his oeuvre within a broader perspective, one that highlights both remarkable personalities and dazzling scores.<\/p>\n\t\t\t\t\t\t\t\t<\/div>\n\t\t\t\t<\/div>\n\t\t\t\t<\/div>\n\t\t\t\t\t<\/div>\n\t\t\t\t<\/div>\n\t\t<div class=\"elementor-element elementor-element-1794930 e-flex e-con-boxed e-con e-parent\" data-id=\"1794930\" data-element_type=\"container\">\n\t\t\t\t\t<div class=\"e-con-inner\">\n\t\t<div class=\"elementor-element elementor-element-603b2071 e-con-full e-flex e-con e-child\" data-id=\"603b2071\" data-element_type=\"container\" data-settings=\"{&quot;background_background&quot;:&quot;classic&quot;}\">\n\t\t<div class=\"elementor-element elementor-element-56df4db1 e-con-full e-flex e-con e-child\" data-id=\"56df4db1\" data-element_type=\"container\">\n\t\t\t\t<div class=\"elementor-element elementor-element-28f1fab7 elementor-widget elementor-widget-heading\" data-id=\"28f1fab7\" data-element_type=\"widget\" data-widget_type=\"heading.default\">\n\t\t\t\t\t<h2 class=\"elementor-heading-title elementor-size-default\">Newsletter sign up<\/h2>\t\t\t\t<\/div>\n\t\t\t\t<div class=\"elementor-element elementor-element-55f976ed elementor-widget elementor-widget-text-editor\" data-id=\"55f976ed\" data-element_type=\"widget\" data-widget_type=\"text-editor.default\">\n\t\t\t\t\t\t\t\t\t<p>Stay informed about news and promotions.<\/p>\n\t\t\t\t\t\t\t\t<\/div>\n\t\t\t\t<div class=\"elementor-element elementor-element-804eb60 elementor-align-center elementor-widget elementor-widget-button\" data-id=\"804eb60\" data-element_type=\"widget\" data-widget_type=\"button.default\">\n\t\t\t\t\t\t\t\t\t\t<a class=\"elementor-button elementor-button-link elementor-size-sm\" href=\"#elementor-action%3Aaction%3Dpopup%3Aopen%26settings%3DeyJpZCI6NjcwOSwidG9nZ2xlIjpmYWxzZX0%3D\">\n\t\t\t\t\t\t<span class=\"elementor-button-content-wrapper\">\n\t\t\t\t\t\t\t\t\t<span class=\"elementor-button-text\">Sign up!  \u279f<\/span>\n\t\t\t\t\t<\/span>\n\t\t\t\t\t<\/a>\n\t\t\t\t\t\t\t\t<\/div>\n\t\t\t\t<\/div>\n\t\t\t\t<\/div>\n\t\t\t\t\t<\/div>\n\t\t\t\t<\/div>\n\t\t\t\t<\/div>\n\t\t","protected":false},"excerpt":{"rendered":"<p>Lorem ipsum dolor sit amet consectetur adipiscing elitsed History and Mission Haydneum aims to support the values of early music in Hungary and to promote the Hungarian-related Baroque, Viennese Classical, [&hellip;]<\/p>\n","protected":false},"author":1,"featured_media":0,"parent":6602,"menu_order":0,"comment_status":"closed","ping_status":"closed","template":"","meta":{"_acf_changed":false,"inline_featured_image":false,"_price":"","_stock":"","_tribe_ticket_header":"","_tribe_default_ticket_provider":"","_tribe_ticket_capacity":"0","_ticket_start_date":"","_ticket_end_date":"","_tribe_ticket_show_description":"","_tribe_ticket_show_not_going":false,"_tribe_ticket_use_global_stock":"","_tribe_ticket_global_stock_level":"","_global_stock_mode":"","_global_stock_cap":"","_tribe_rsvp_for_event":"","_tribe_ticket_going_count":"","_tribe_ticket_not_going_count":"","_tribe_tickets_list":"[]","_tribe_ticket_has_attendee_info_fields":false,"footnotes":"","_tec_slr_enabled":"","_tec_slr_layout":""},"class_list":["post-9676","page","type-page","status-publish","hentry"],"acf":[],"ticketed":false,"_links":{"self":[{"href":"https:\/\/haydneum.com\/en\/wp-json\/wp\/v2\/pages\/9676","targetHints":{"allow":["GET"]}}],"collection":[{"href":"https:\/\/haydneum.com\/en\/wp-json\/wp\/v2\/pages"}],"about":[{"href":"https:\/\/haydneum.com\/en\/wp-json\/wp\/v2\/types\/page"}],"author":[{"embeddable":true,"href":"https:\/\/haydneum.com\/en\/wp-json\/wp\/v2\/users\/1"}],"replies":[{"embeddable":true,"href":"https:\/\/haydneum.com\/en\/wp-json\/wp\/v2\/comments?post=9676"}],"version-history":[{"count":2,"href":"https:\/\/haydneum.com\/en\/wp-json\/wp\/v2\/pages\/9676\/revisions"}],"predecessor-version":[{"id":10300,"href":"https:\/\/haydneum.com\/en\/wp-json\/wp\/v2\/pages\/9676\/revisions\/10300"}],"up":[{"embeddable":true,"href":"https:\/\/haydneum.com\/en\/wp-json\/wp\/v2\/pages\/6602"}],"wp:attachment":[{"href":"https:\/\/haydneum.com\/en\/wp-json\/wp\/v2\/media?parent=9676"}],"curies":[{"name":"wp","href":"https:\/\/api.w.org\/{rel}","templated":true}]}}